{"id":6417,"date":"2017-09-14T12:59:30","date_gmt":"2017-09-14T16:59:30","guid":{"rendered":"https:\/\/gospelpublishers.com\/canada\/?post_type=product&#038;p=6417"},"modified":"2020-08-28T17:31:42","modified_gmt":"2020-08-28T21:31:42","slug":"treasures-for-tomas","status":"publish","type":"product","link":"https:\/\/gospelpublishers.com\/canada\/product\/treasures-for-tomas\/","title":{"rendered":"Treasures for Tom\u00e1s"},"content":{"rendered":"<p>Edith J. Agnew. What is in the locked boxes? Tom\u00e1s Arag\u00f3n and his friend, Dan Rico, puzzle over the mysterious boxes that came along with their pile of useful junk, bought at an auction for 52 cents. And there are bigger troubles to think about too. Daddy Arag\u00f3n has quit his job because the boss wants him to work on Sunday. Set in a religious Mexican-American community in Colorado, this story will hold your attention while the mystery is solved and the trouble resolved. Ages 8-12; 126 pages; paper; AB Publishing.<\/p>\n","protected":false},"excerpt":{"rendered":"<p>Edith J. Agnew. What is in the locked boxes? Tom\u00e1s Arag\u00f3n and his friend, Dan Rico, puzzle over the mysterious boxes that came along with their pile of useful junk, bought at an auction for 52 cents. And there are &hellip; <a class=\"kt-excerpt-readmore\" href=\"https:\/\/gospelpublishers.com\/canada\/product\/treasures-for-tomas\/\" aria-label=\"Treasures for Tom\u00e1s\">Read More<\/a><\/p>\n","protected":false},"featured_media":6418,"template":"","meta":{"wds_primary_product_brand":0,"wds_primary_product_cat":0},"product_brand":[],"product_cat":[30,483],"product_tag":[],"class_list":{"0":"post-6417","1":"product","2":"type-product","3":"status-publish","4":"has-post-thumbnail","6":"product_cat-childrens-books","7":"product_cat-library-books","8":"pa_interest-school-library","9":"pa_level-middle","11":"first","12":"instock","13":"taxable","14":"shipping-taxable","15":"purchasable","16":"product-type-simple"},"exclude_global_add_ons":[],"addons":[],"_links":{"self":[{"href":"https:\/\/gospelpublishers.com\/canada\/wp-json\/wp\/v2\/product\/6417","targetHints":{"allow":["GET"]}}],"collection":[{"href":"https:\/\/gospelpublishers.com\/canada\/wp-json\/wp\/v2\/product"}],"about":[{"href":"https:\/\/gospelpublishers.com\/canada\/wp-json\/wp\/v2\/types\/product"}],"wp:featuredmedia":[{"embeddable":true,"href":"https:\/\/gospelpublishers.com\/canada\/wp-json\/wp\/v2\/media\/6418"}],"wp:attachment":[{"href":"https:\/\/gospelpublishers.com\/canada\/wp-json\/wp\/v2\/media?parent=6417"}],"wp:term":[{"taxonomy":"product_brand","embeddable":true,"href":"https:\/\/gospelpublishers.com\/canada\/wp-json\/wp\/v2\/product_brand?post=6417"},{"taxonomy":"product_cat","embeddable":true,"href":"https:\/\/gospelpublishers.com\/canada\/wp-json\/wp\/v2\/product_cat?post=6417"},{"taxonomy":"product_tag","embeddable":true,"href":"https:\/\/gospelpublishers.com\/canada\/wp-json\/wp\/v2\/product_tag?post=6417"}],"curies":[{"name":"wp","href":"https:\/\/api.w.org\/{rel}","templated":true}]}}